{"id":12,"date":"2015-10-19T04:23:53","date_gmt":"2015-10-19T04:23:53","guid":{"rendered":"http:\/\/demo.thimpress.com\/eduma\/?page_id=12"},"modified":"2026-03-31T16:29:04","modified_gmt":"2026-03-31T19:29:04","slug":"demo-main","status":"publish","type":"page","link":"https:\/\/francisschool.cl\/web\/","title":{"rendered":"Demo Main"},"content":{"rendered":"\t\t<div data-elementor-type=\"wp-post\" data-elementor-id=\"12\" class=\"elementor elementor-12\">\n\t\t\t\t\t\t<section class=\"elementor-section elementor-top-section elementor-element elementor-element-3acc908 elementor-section-stretched elementor-section-boxed elementor-section-height-default elementor-section-height-default\" data-id=\"3acc908\" data-element_type=\"section\" data-e-type=\"section\" data-settings=\"{&quot;stretch_section&quot;:&quot;section-stretched&quot;,&quot;background_background&quot;:&quot;classic&quot;}\">\n\t\t\t\t\t\t\t<div class=\"elementor-background-overlay\"><\/div>\n\t\t\t\t\t\t\t<div class=\"elementor-container elementor-column-gap-custom\">\n\t\t\t\t\t<div class=\"elementor-column elementor-col-100 elementor-top-column elementor-element elementor-element-f1413c6\" data-id=\"f1413c6\" data-element_type=\"column\" data-e-type=\"column\">\n\t\t\t<div class=\"elementor-widget-wrap elementor-element-populated\">\n\t\t\t\t\t\t<div class=\"elementor-element elementor-element-1a40905 elementor-widget thim-ekits-heading elementor-widget-thim-heading\" data-id=\"1a40905\" data-element_type=\"widget\" data-e-type=\"widget\" data-widget_type=\"thim-heading.default\">\n\t\t\t\t<div class=\"elementor-widget-container\">\n\t\t\t\t\t<div class=\"sc_heading\"><h2 class=\"title\">Noticias <\/h2><\/div>\t\t\t\t<\/div>\n\t\t\t\t<\/div>\n\t\t\t\t<div class=\"elementor-element elementor-element-4e16875 thim-ekits-post__thumbnail-position-top elementor-widget elementor-widget-thim-ekits-list-blog\" data-id=\"4e16875\" data-element_type=\"widget\" data-e-type=\"widget\" data-settings=\"{&quot;slidesPerGroup&quot;:1,&quot;slider_show_arrow&quot;:&quot;yes&quot;,&quot;slider_show_pagination&quot;:&quot;bullets&quot;,&quot;slider_loop&quot;:&quot;yes&quot;,&quot;slidesPerView_tablet&quot;:3,&quot;slidesPerView_mobile&quot;:2,&quot;spaceBetween_mobile&quot;:15,&quot;slidesPerView&quot;:4,&quot;slider_speed&quot;:4000,&quot;autoplay_speed&quot;:2000,&quot;spaceBetween&quot;:30,&quot;slider_autoplay&quot;:&quot;yes&quot;,&quot;pause_on_interaction&quot;:&quot;yes&quot;,&quot;pause_on_hover&quot;:&quot;yes&quot;}\" data-widget_type=\"thim-ekits-list-blog.default\">\n\t\t\t\t<div class=\"elementor-widget-container\">\n\t\t\t\t\t\t\t\t<div\n\t\t\t\tclass=\"thim-slider-pagination thim-bullets\"><\/div>\n\t\t\n\t\t\t\t\t<div class=\"thim-slider-nav thim-slider-nav-prev hidden-nav-mobile\">\n\t\t\t\t<svg aria-hidden=\"true\" class=\"e-font-icon-svg e-fas-chevron-left\" viewBox=\"0 0 320 512\" xmlns=\"http:\/\/www.w3.org\/2000\/svg\"><path d=\"M34.52 239.03L228.87 44.69c9.37-9.37 24.57-9.37 33.94 0l22.67 22.67c9.36 9.36 9.37 24.52.04 33.9L131.49 256l154.02 154.75c9.34 9.38 9.32 24.54-.04 33.9l-22.67 22.67c-9.37 9.37-24.57 9.37-33.94 0L34.52 272.97c-9.37-9.37-9.37-24.57 0-33.94z\"><\/path><\/svg>\t\t\t<\/div>\n\n\t\t\t<div class=\"thim-slider-nav thim-slider-nav-next hidden-nav-mobile\">\n\t\t\t\t<svg aria-hidden=\"true\" class=\"e-font-icon-svg e-fas-chevron-right\" viewBox=\"0 0 320 512\" xmlns=\"http:\/\/www.w3.org\/2000\/svg\"><path d=\"M285.476 272.971L91.132 467.314c-9.373 9.373-24.569 9.373-33.941 0l-22.667-22.667c-9.357-9.357-9.375-24.522-.04-33.901L188.505 256 34.484 101.255c-9.335-9.379-9.317-24.544.04-33.901l22.667-22.667c9.373-9.373 24.569-9.373 33.941 0L285.475 239.03c9.373 9.372 9.373 24.568.001 33.941z\"><\/path><\/svg>\t\t\t<\/div>\n\t\t\t\t\t<div class=\"thim-ekits-post thim-ekits-sliders swiper-container\">\n\t\t\t\t<div class=\"swiper-wrapper\">\n\t\t\t\t\t\t\t<div class=\"thim-ekits-post__article swiper-slide post-17496 post type-post status-publish format-standard has-post-thumbnail hentry category-colegio\">\n\t\t\t\t\t\t\t\t\t<div class=\"thim-ekits-post__thumbnail\">\n\t\t\t<a class=\"post-thumbnail\"\n\t\t\t   href=\"https:\/\/francisschool.cl\/web\/dia-de-la-tierra-4\/\" >\n\t\t\t\t<img decoding=\"async\" src=\"https:\/\/francisschool.cl\/web\/wp-content\/uploads\/2026\/04\/DIA-DE-LA-TIERRA_Mesa-de-trabajo-1-e1776872160286-370x230.jpg\" title=\"DIA DE LA TIERRA_Mesa de trabajo 1\" alt=\"DIA DE LA TIERRA_Mesa de trabajo 1\" loading=\"lazy\" \/><i aria-hidden=\"true\" class=\"tk tk-alternate-external-link\"><\/i>\t\t\t<\/a>\n\t\t\t\t\t<\/div>\n\t\t\n\t\t\t\t\t\t<div class=\"thim-ekits-post__content\">\n\t\t \t\t<div class=\"thim-ekits-post__meta elementor-repeater-item-fc56ba8 m-psi-inline_block \">\n\t\t\t\n\t\t<span class=\"thim-ekits-post__date\">\n\t\t\t\t\t\tAbril 22, 2026\t\t<\/span>\n\n\t\t\t\t<\/div>\n\n\t\t\t\t<p class=\"thim-ekits-post__title\">\n\t\t<a href=\"https:\/\/francisschool.cl\/web\/dia-de-la-tierra-4\/\" >\n\t\t\tD\u00cdA DE LA TIERRA\t\t<\/a>\n\t\t<\/p>\n\t\t\t\t<\/div>\n\t\t\t\t\t\t\t<\/div>\n\t\t\t\t<div class=\"thim-ekits-post__article swiper-slide post-17491 post type-post status-publish format-standard has-post-thumbnail hentry category-colegio\">\n\t\t\t\t\t\t\t\t\t<div class=\"thim-ekits-post__thumbnail\">\n\t\t\t<a class=\"post-thumbnail\"\n\t\t\t   href=\"https:\/\/francisschool.cl\/web\/campeonato-de-futsal-proyecto-de-educacion-fisica\/\" >\n\t\t\t\t<img decoding=\"async\" src=\"https:\/\/francisschool.cl\/web\/wp-content\/uploads\/2026\/04\/Copia-de-IMG_4972.heic\" title=\"Copia de IMG_4972\" alt=\"Copia de IMG_4972\" loading=\"lazy\" \/><i aria-hidden=\"true\" class=\"tk tk-alternate-external-link\"><\/i>\t\t\t<\/a>\n\t\t\t\t\t<\/div>\n\t\t\n\t\t\t\t\t\t<div class=\"thim-ekits-post__content\">\n\t\t \t\t<div class=\"thim-ekits-post__meta elementor-repeater-item-fc56ba8 m-psi-inline_block \">\n\t\t\t\n\t\t<span class=\"thim-ekits-post__date\">\n\t\t\t\t\t\tAbril 21, 2026\t\t<\/span>\n\n\t\t\t\t<\/div>\n\n\t\t\t\t<p class=\"thim-ekits-post__title\">\n\t\t<a href=\"https:\/\/francisschool.cl\/web\/campeonato-de-futsal-proyecto-de-educacion-fisica\/\" >\n\t\t\tCampeonato de Futsal, Proyecto de Educaci\u00f3n F\u00edsica\t\t<\/a>\n\t\t<\/p>\n\t\t\t\t<\/div>\n\t\t\t\t\t\t\t<\/div>\n\t\t\t\t<div class=\"thim-ekits-post__article swiper-slide post-17487 post type-post status-publish format-standard has-post-thumbnail hentry category-colegio\">\n\t\t\t\t\t\t\t\t\t<div class=\"thim-ekits-post__thumbnail\">\n\t\t\t<a class=\"post-thumbnail\"\n\t\t\t   href=\"https:\/\/francisschool.cl\/web\/xvi-feria-del-libro-2026\/\" >\n\t\t\t\t<img decoding=\"async\" src=\"https:\/\/francisschool.cl\/web\/wp-content\/uploads\/2026\/04\/IMG_5159-3.heic\" title=\"IMG_5159 3\" alt=\"IMG_5159 3\" loading=\"lazy\" \/><i aria-hidden=\"true\" class=\"tk tk-alternate-external-link\"><\/i>\t\t\t<\/a>\n\t\t\t\t\t<\/div>\n\t\t\n\t\t\t\t\t\t<div class=\"thim-ekits-post__content\">\n\t\t \t\t<div class=\"thim-ekits-post__meta elementor-repeater-item-fc56ba8 m-psi-inline_block \">\n\t\t\t\n\t\t<span class=\"thim-ekits-post__date\">\n\t\t\t\t\t\tAbril 21, 2026\t\t<\/span>\n\n\t\t\t\t<\/div>\n\n\t\t\t\t<p class=\"thim-ekits-post__title\">\n\t\t<a href=\"https:\/\/francisschool.cl\/web\/xvi-feria-del-libro-2026\/\" >\n\t\t\tXVI FERIA DEL LIBRO 2026\t\t<\/a>\n\t\t<\/p>\n\t\t\t\t<\/div>\n\t\t\t\t\t\t\t<\/div>\n\t\t\t\t<div class=\"thim-ekits-post__article swiper-slide post-17483 post type-post status-publish format-standard has-post-thumbnail hentry category-colegio\">\n\t\t\t\t\t\t\t\t\t<div class=\"thim-ekits-post__thumbnail\">\n\t\t\t<a class=\"post-thumbnail\"\n\t\t\t   href=\"https:\/\/francisschool.cl\/web\/el-centro-de-estudiantes-hace-entrega-de-2-nuevos-taca-taca\/\" >\n\t\t\t\t<img decoding=\"async\" src=\"https:\/\/francisschool.cl\/web\/wp-content\/uploads\/2026\/04\/TACA-TACA-ACTUAL-CENTRO-DE-ESTUDIANTES_Mesa-de-trabajo-1-e1776785902658-370x230.jpg\" title=\"TACA TACA ACTUAL CENTRO DE ESTUDIANTES_Mesa de trabajo 1\" alt=\"TACA TACA ACTUAL CENTRO DE ESTUDIANTES_Mesa de trabajo 1\" loading=\"lazy\" \/><i aria-hidden=\"true\" class=\"tk tk-alternate-external-link\"><\/i>\t\t\t<\/a>\n\t\t\t\t\t<\/div>\n\t\t\n\t\t\t\t\t\t<div class=\"thim-ekits-post__content\">\n\t\t \t\t<div class=\"thim-ekits-post__meta elementor-repeater-item-fc56ba8 m-psi-inline_block \">\n\t\t\t\n\t\t<span class=\"thim-ekits-post__date\">\n\t\t\t\t\t\tAbril 21, 2026\t\t<\/span>\n\n\t\t\t\t<\/div>\n\n\t\t\t\t<p class=\"thim-ekits-post__title\">\n\t\t<a href=\"https:\/\/francisschool.cl\/web\/el-centro-de-estudiantes-hace-entrega-de-2-nuevos-taca-taca\/\" >\n\t\t\tEL CENTRO DE ESTUDIANTES HACE ENTREGA DE 2 NUEVOS TACA- TACA\t\t<\/a>\n\t\t<\/p>\n\t\t\t\t<\/div>\n\t\t\t\t\t\t\t<\/div>\n\t\t\t\t<div class=\"thim-ekits-post__article swiper-slide post-17481 post type-post status-publish format-standard has-post-thumbnail hentry category-colegio\">\n\t\t\t\t\t\t\t\t\t<div class=\"thim-ekits-post__thumbnail\">\n\t\t\t<a class=\"post-thumbnail\"\n\t\t\t   href=\"https:\/\/francisschool.cl\/web\/actualizacion-del-reglamento-de-evaluacion-calificacion-y-promocion\/\" >\n\t\t\t\t<img decoding=\"async\" src=\"https:\/\/francisschool.cl\/web\/wp-content\/uploads\/2026\/03\/WhatsApp-Image-2026-03-12-at-00.27.55-e1773286136110-370x230.jpeg\" title=\"WhatsApp Image 2026-03-12 at 00.27.55\" alt=\"WhatsApp Image 2026-03-12 at 00.27.55\" loading=\"lazy\" \/><i aria-hidden=\"true\" class=\"tk tk-alternate-external-link\"><\/i>\t\t\t<\/a>\n\t\t\t\t\t<\/div>\n\t\t\n\t\t\t\t\t\t<div class=\"thim-ekits-post__content\">\n\t\t \t\t<div class=\"thim-ekits-post__meta elementor-repeater-item-fc56ba8 m-psi-inline_block \">\n\t\t\t\n\t\t<span class=\"thim-ekits-post__date\">\n\t\t\t\t\t\tAbril 20, 2026\t\t<\/span>\n\n\t\t\t\t<\/div>\n\n\t\t\t\t<p class=\"thim-ekits-post__title\">\n\t\t<a href=\"https:\/\/francisschool.cl\/web\/actualizacion-del-reglamento-de-evaluacion-calificacion-y-promocion\/\" >\n\t\t\tActualizaci\u00f3n del Reglamento de  Evaluaci\u00f3n, Calificaci\u00f3n y Promoci\u00f3n\t\t<\/a>\n\t\t<\/p>\n\t\t\t\t<\/div>\n\t\t\t\t\t\t\t<\/div>\n\t\t\t\t<div class=\"thim-ekits-post__article swiper-slide post-17474 post type-post status-publish format-standard has-post-thumbnail hentry category-colegio\">\n\t\t\t\t\t\t\t\t\t<div class=\"thim-ekits-post__thumbnail\">\n\t\t\t<a class=\"post-thumbnail\"\n\t\t\t   href=\"https:\/\/francisschool.cl\/web\/charla-sobre-ley-20-000-de-drogas\/\" >\n\t\t\t\t<img decoding=\"async\" src=\"https:\/\/francisschool.cl\/web\/wp-content\/uploads\/2026\/04\/Copia-de-WhatsApp-Image-2026-04-15-at-09.12.03-2-11.26.53-a.m-370x230.jpeg\" title=\"Copia de WhatsApp Image 2026-04-15 at 09.12.03 2 11.26.53\u202fa.m.\" alt=\"Copia de WhatsApp Image 2026-04-15 at 09.12.03 2 11.26.53\u202fa.m.\" loading=\"lazy\" \/><i aria-hidden=\"true\" class=\"tk tk-alternate-external-link\"><\/i>\t\t\t<\/a>\n\t\t\t\t\t<\/div>\n\t\t\n\t\t\t\t\t\t<div class=\"thim-ekits-post__content\">\n\t\t \t\t<div class=\"thim-ekits-post__meta elementor-repeater-item-fc56ba8 m-psi-inline_block \">\n\t\t\t\n\t\t<span class=\"thim-ekits-post__date\">\n\t\t\t\t\t\tAbril 17, 2026\t\t<\/span>\n\n\t\t\t\t<\/div>\n\n\t\t\t\t<p class=\"thim-ekits-post__title\">\n\t\t<a href=\"https:\/\/francisschool.cl\/web\/charla-sobre-ley-20-000-de-drogas\/\" >\n\t\t\tCHARLA SOBRE LEY 20.000 DE DROGAS\t\t<\/a>\n\t\t<\/p>\n\t\t\t\t<\/div>\n\t\t\t\t\t\t\t<\/div>\n\t\t\t\t\t\t<\/div>\n\t\t\t<\/div>\n\n\t\t\t\t\t\t\t<\/div>\n\t\t\t\t<\/div>\n\t\t\t\t<div class=\"elementor-element elementor-element-1a2abba elementor-widget elementor-widget-heading\" data-id=\"1a2abba\" data-element_type=\"widget\" data-e-type=\"widget\" data-widget_type=\"heading.default\">\n\t\t\t\t\t<h6 class=\"elementor-heading-title elementor-size-default\"><a href=\"https:\/\/francisschool.cl\/web\/blog\/\">VER TODAS<\/a><\/h6>\t\t\t\t<\/div>\n\t\t\t\t\t<\/div>\n\t\t<\/div>\n\t\t\t\t\t<\/div>\n\t\t<\/section>\n\t\t\t\t<section class=\"elementor-section elementor-top-section elementor-element elementor-element-f834481 elementor-section-stretched elementor-section-full_width elementor-section-height-min-height elementor-section-height-default elementor-section-items-middle\" data-id=\"f834481\" data-element_type=\"section\" data-e-type=\"section\" data-settings=\"{&quot;stretch_section&quot;:&quot;section-stretched&quot;}\">\n\t\t\t\t\t\t<div class=\"elementor-container elementor-column-gap-no\">\n\t\t\t\t\t<div class=\"elementor-column elementor-col-100 elementor-top-column elementor-element elementor-element-0ea25ff\" data-id=\"0ea25ff\" data-element_type=\"column\" data-e-type=\"column\">\n\t\t\t<div class=\"elementor-widget-wrap elementor-element-populated\">\n\t\t\t\t\t\t<div class=\"elementor-element elementor-element-2693f0f elementor-widget elementor-widget-slider_revolution\" data-id=\"2693f0f\" data-element_type=\"widget\" data-e-type=\"widget\" data-widget_type=\"slider_revolution.default\">\n\t\t\t\t\t\n\t\t<div class=\"wp-block-themepunch-revslider\">\n\t\t\t<!-- START Home Page Video REVOLUTION SLIDER 6.7.36 --><p class=\"rs-p-wp-fix\"><\/p>\n\t\t\t<rs-module-wrap id=\"rev_slider_4_1_wrapper\" data-source=\"gallery\" style=\"visibility:hidden;background:transparent;padding:0;margin:0px auto;margin-top:0;margin-bottom:0;\">\n\t\t\t\t<rs-module id=\"rev_slider_4_1\" style=\"\" data-version=\"6.7.36\">\n\t\t\t\t\t<rs-slides style=\"overflow: hidden; position: absolute;\">\n\t\t\t\t\t\t<rs-slide style=\"position: absolute;\" data-key=\"rs-5\" data-title=\"Slide\" data-in=\"o:0;\" data-out=\"a:false;\">\n\t\t\t\t\t\t\t<img fetchpriority=\"high\" decoding=\"async\" src=\"\/\/francisschool.cl\/web\/wp-content\/plugins\/revslider\/sr6\/assets\/assets\/dummy.png\" alt=\"\" title=\"slide-classic-new-2-1.jpg\" width=\"1920\" height=\"1000\" class=\"rev-slidebg tp-rs-img rs-lazyload\" data-lazyload=\"\/\/francisschool.cl\/web\/wp-content\/uploads\/revslider\/home-page-video\/slide-classic-new-2-1.jpg\" data-no-retina>\n\t\t\t\t\t\t\t<rs-bgvideo \n\t\t\t\t\t\t\t\tdata-video=\"w:100%;h:100%;nse:false;l:true;ptimer:false;vfc:true;\"\n\t\t\t\t\t\t\t\tdata-mp4=\"\/\/francisschool.cl\/300724.mp4\"\n\t\t\t\t\t\t\t><\/rs-bgvideo>\n<!--\n\t\t\t\t\t\t\t--><h3\n\t\t\t\t\t\t\t\tid=\"slider-4-slide-5-layer-1\" \n\t\t\t\t\t\t\t\tclass=\"rs-layer thim-slider-heading\"\n\t\t\t\t\t\t\t\tdata-type=\"text\"\n\t\t\t\t\t\t\t\tdata-color=\"#fff\"\n\t\t\t\t\t\t\t\tdata-tsh=\"c:rgba(0,0,0,0.75);v:2px,1px,0px,0px;b:2px,1px,0px,0px;\"\n\t\t\t\t\t\t\t\tdata-xy=\"x:c;y:m;yo:44px,38px,28px,17px;\"\n\t\t\t\t\t\t\t\tdata-text=\"s:25,21,15,9;l:70,61,45,28;ls:-1,0,0,0;fw:500;a:center;\"\n\t\t\t\t\t\t\t\tdata-dim=\"minh:0px,none,none,none;\"\n\t\t\t\t\t\t\t\tdata-rsp_o=\"off\"\n\t\t\t\t\t\t\t\tdata-rsp_bd=\"off\"\n\t\t\t\t\t\t\t\tdata-frame_1=\"e:power2.inOut;st:500;\"\n\t\t\t\t\t\t\t\tdata-frame_999=\"o:0;e:nothing;st:w;\"\n\t\t\t\t\t\t\t\tstyle=\"z-index:7;font-family:'Poppins';text-transform:uppercase;\"\n\t\t\t\t\t\t\t>COQUIMBO, CHILE \n\t\t\t\t\t\t\t<\/h3><!--\n\n\t\t\t\t\t\t\t--><h3\n\t\t\t\t\t\t\t\tid=\"slider-4-slide-5-layer-2\" \n\t\t\t\t\t\t\t\tclass=\"rs-layer thim-slider-heading\"\n\t\t\t\t\t\t\t\tdata-type=\"text\"\n\t\t\t\t\t\t\t\tdata-color=\"#fff\"\n\t\t\t\t\t\t\t\tdata-tsh=\"c:rgba(0,0,0,0.75);v:2px,1px,0px,0px;b:2px,1px,0px,0px;\"\n\t\t\t\t\t\t\t\tdata-xy=\"x:c;y:m;\"\n\t\t\t\t\t\t\t\tdata-text=\"s:60,52,39,24;l:70,61,45,28;ls:-1,0,0,0;fw:500;a:center;\"\n\t\t\t\t\t\t\t\tdata-dim=\"minh:0px,none,none,none;\"\n\t\t\t\t\t\t\t\tdata-rsp_o=\"off\"\n\t\t\t\t\t\t\t\tdata-rsp_bd=\"off\"\n\t\t\t\t\t\t\t\tdata-frame_1=\"e:power2.inOut;st:500;\"\n\t\t\t\t\t\t\t\tdata-frame_999=\"o:0;e:nothing;st:w;\"\n\t\t\t\t\t\t\t\tstyle=\"z-index:6;font-family:'Poppins';text-transform:uppercase;\"\n\t\t\t\t\t\t\t>FRANCIS SCHOOL\n \n\t\t\t\t\t\t\t<\/h3><!--\n-->\t\t\t\t\t<\/rs-slide>\n\t\t\t\t\t\t<rs-slide style=\"position: absolute;\" data-key=\"rs-6\" data-title=\"Slide\" data-in=\"o:0;\" data-out=\"a:false;\">\n\t\t\t\t\t\t\t<img decoding=\"async\" src=\"\/\/francisschool.cl\/web\/wp-content\/plugins\/revslider\/sr6\/assets\/assets\/dummy.png\" alt=\"\" title=\"CHARLA SOBRE LEY 20.000 DE DROGAS\" class=\"rev-slidebg tp-rs-img rs-lazyload\" data-lazyload=\"\/\/francisschool.cl\/web\/wp-content\/plugins\/revslider\/sr6\/assets\/assets\/transparent.png\" data-no-retina>\n\t\t\t\t\t\t\t<rs-bgvideo \n\t\t\t\t\t\t\t\tdata-video=\"w:100%;h:100%;nse:false;l:true;ptimer:false;vfc:true;\"\n\t\t\t\t\t\t\t\tdata-mp4=\"\/\/francisschool.cl\/300724.mp4\"\n\t\t\t\t\t\t\t><\/rs-bgvideo>\n<!--\n\t\t\t\t\t\t\t--><h3\n\t\t\t\t\t\t\t\tid=\"slider-4-slide-6-layer-3\" \n\t\t\t\t\t\t\t\tclass=\"rs-layer thim-slider-heading\"\n\t\t\t\t\t\t\t\tdata-type=\"text\"\n\t\t\t\t\t\t\t\tdata-color=\"#fff\"\n\t\t\t\t\t\t\t\tdata-tsh=\"c:rgba(0,0,0,0.75);v:2px,1px,0px,0px;b:2px,1px,0px,0px;\"\n\t\t\t\t\t\t\t\tdata-xy=\"x:c;y:m;\"\n\t\t\t\t\t\t\t\tdata-text=\"s:60,52,39,24;l:70,61,45,28;ls:-1,0,0,0;fw:500;a:center;\"\n\t\t\t\t\t\t\t\tdata-dim=\"minh:0px,none,none,none;\"\n\t\t\t\t\t\t\t\tdata-rsp_o=\"off\"\n\t\t\t\t\t\t\t\tdata-rsp_bd=\"off\"\n\t\t\t\t\t\t\t\tdata-frame_1=\"e:power2.inOut;st:500;\"\n\t\t\t\t\t\t\t\tdata-frame_999=\"o:0;e:nothing;st:w;\"\n\t\t\t\t\t\t\t\tstyle=\"z-index:6;font-family:'Poppins';text-transform:uppercase;\"\n\t\t\t\t\t\t\t>FRANCIS SCHOOL\n \n\t\t\t\t\t\t\t<\/h3><!--\n\n\t\t\t\t\t\t\t--><h3\n\t\t\t\t\t\t\t\tid=\"slider-4-slide-6-layer-4\" \n\t\t\t\t\t\t\t\tclass=\"rs-layer thim-slider-heading\"\n\t\t\t\t\t\t\t\tdata-type=\"text\"\n\t\t\t\t\t\t\t\tdata-color=\"#fff\"\n\t\t\t\t\t\t\t\tdata-tsh=\"c:rgba(0,0,0,0.75);v:2px,1px,0px,0px;b:2px,1px,0px,0px;\"\n\t\t\t\t\t\t\t\tdata-xy=\"x:c;y:m;yo:44px,38px,28px,17px;\"\n\t\t\t\t\t\t\t\tdata-text=\"s:25,21,15,9;l:70,61,45,28;ls:-1,0,0,0;fw:500;a:center;\"\n\t\t\t\t\t\t\t\tdata-dim=\"minh:0px,none,none,none;\"\n\t\t\t\t\t\t\t\tdata-rsp_o=\"off\"\n\t\t\t\t\t\t\t\tdata-rsp_bd=\"off\"\n\t\t\t\t\t\t\t\tdata-frame_1=\"e:power2.inOut;st:500;\"\n\t\t\t\t\t\t\t\tdata-frame_999=\"o:0;e:nothing;st:w;\"\n\t\t\t\t\t\t\t\tstyle=\"z-index:7;font-family:'Poppins';text-transform:uppercase;\"\n\t\t\t\t\t\t\t>COQUIMBO, CHILE \n\t\t\t\t\t\t\t<\/h3><!--\n-->\t\t\t\t\t<\/rs-slide>\n\t\t\t\t\t<\/rs-slides>\n\t\t\t\t<\/rs-module>\n\t\t\t\t<script>\n\t\t\t\t\tsetREVStartSize({c: 'rev_slider_4_1',rl:[1240,1024,778,480],el:[650,600,575,300],gw:[1170,1024,768,480],gh:[650,600,575,300],type:'standard',justify:'',layout:'fullwidth',mh:\"575px\"});if (window.RS_MODULES!==undefined && window.RS_MODULES.modules!==undefined && window.RS_MODULES.modules[\"revslider41\"]!==undefined) {window.RS_MODULES.modules[\"revslider41\"].once = false;window.revapi4 = undefined;if (window.RS_MODULES.checkMinimal!==undefined) window.RS_MODULES.checkMinimal()}\n\t\t\t\t<\/script>\n\t\t\t<\/rs-module-wrap>\n\t\t\t<!-- END REVOLUTION SLIDER -->\n<\/div>\n\n\t\t\t\t\t\t<\/div>\n\t\t\t\t\t<\/div>\n\t\t<\/div>\n\t\t\t\t\t<\/div>\n\t\t<\/section>\n\t\t\t\t<\/div>\n\t\t","protected":false},"excerpt":{"rendered":"<p>Noticias Marzo 27, 2026 COMUNICADO- ACTUALIZACI\u00d3N MANUAL DE CONVIVENCIA ESCOLAR Marzo 27, 2026 ACTIVIDAD DE CIERRE DE PROYECTO MICEN Marzo 26, 2026 COMUNICADO VACUNACI\u00d3N INFLUENZA Marzo 26, 2026 PUNTUALIDAD Marzo 25, 2026 ASISTENCIA A CLASES Marzo 24, 2026 D\u00cdA MUNDIAL &hellip; <\/p>\n","protected":false},"author":5,"featured_media":0,"parent":0,"menu_order":0,"comment_status":"closed","ping_status":"closed","template":"elementor_header_footer","meta":{"footnotes":""},"class_list":["post-12","page","type-page","status-publish","hentry"],"_links":{"self":[{"href":"https:\/\/francisschool.cl\/web\/wp-json\/wp\/v2\/pages\/12","targetHints":{"allow":["GET"]}}],"collection":[{"href":"https:\/\/francisschool.cl\/web\/wp-json\/wp\/v2\/pages"}],"about":[{"href":"https:\/\/francisschool.cl\/web\/wp-json\/wp\/v2\/types\/page"}],"author":[{"embeddable":true,"href":"https:\/\/francisschool.cl\/web\/wp-json\/wp\/v2\/users\/5"}],"replies":[{"embeddable":true,"href":"https:\/\/francisschool.cl\/web\/wp-json\/wp\/v2\/comments?post=12"}],"version-history":[{"count":168,"href":"https:\/\/francisschool.cl\/web\/wp-json\/wp\/v2\/pages\/12\/revisions"}],"predecessor-version":[{"id":17399,"href":"https:\/\/francisschool.cl\/web\/wp-json\/wp\/v2\/pages\/12\/revisions\/17399"}],"wp:attachment":[{"href":"https:\/\/francisschool.cl\/web\/wp-json\/wp\/v2\/media?parent=12"}],"curies":[{"name":"wp","href":"https:\/\/api.w.org\/{rel}","templated":true}]}}