{"id":147,"date":"2017-06-15T18:59:38","date_gmt":"2017-06-15T18:59:38","guid":{"rendered":"http:\/\/francisschool.cl\/web\/?page_id=147"},"modified":"2020-08-24T14:35:52","modified_gmt":"2020-08-24T14:35:52","slug":"historia","status":"publish","type":"page","link":"https:\/\/francisschool.cl\/web\/historia\/","title":{"rendered":"Historia"},"content":{"rendered":"<p style=\"text-align: justify;\"><img fetchpriority=\"high\" decoding=\"async\" class=\"alignnone size-medium wp-image-173 alignleft\" src=\"http:\/\/francisschool.cl\/web\/wp-content\/uploads\/2017\/06\/TEST233-300x213.jpg\" alt=\"\" width=\"300\" height=\"213\" \/>Francis School Colegio particular subvencionado, naci\u00f3 en el a\u00f1o 1990, con el nombre de Dame La Mano, dirigida por su due\u00f1a, la educadora de p\u00e1rvulo Francis Oyarz\u00fan Car\u00fa cuya ubicaci\u00f3n era Ossand\u00f3n N\u00ba 895 de Coquimbo.En 1991 pasa a ser colegio y Jard\u00edn Infantil al crear el 1\u00ba B\u00e1sico y cambia de nombre a Francis School. En los a\u00f1os siguientes fue aumentando sus cursos un nivel por a\u00f1o. A partir de 1995 se traslada a Pedro Lagos N\u00ba 801 esquina Guacolda. El 15 de Septiembre de 1998 se form\u00f3 la Sociedad Educacional Ireland y Oyarz\u00fan Ltda., integrada por Francis Oyarz\u00fan Car\u00fa, Rosa Ireland Flores, Arturo Espejo Aguirre y Jorge D\u00edaz Santiago. El 4 de Octubre de 1998 se realiza la ceremonia de la colocaci\u00f3n de la primera piedra que dio como inicio a la construcci\u00f3n del actual edificio ubicado el Los Tulipanes N\u00ba 254, sector Sindempart, Coquimbo, proyecto que se vio materializado por iniciativa de la sociedad conformada por sus actuales due\u00f1os. El a\u00f1o 2000 Francis School impart\u00eda clases hasta Octavo B\u00e1sico como Colegio Particular Pagado. A partir de a\u00f1o 2001 se crea el Primero Medio y cambia de modalidad a colegio particular subvencionado Tradicional, debiendo pasar por esta etapa previa de acuerdo a la ley, antes de tomar su modalidad definitiva como Colegio Particular Subvencionado Compartido, situaci\u00f3n que se materializ\u00f3 en el a\u00f1o 2002, cre\u00e1ndose adem\u00e1s ese a\u00f1o el Segundo Medio. En la actualidad se imparte educaci\u00f3n completa desde Medio Mayor a Cuarto Medio con una matr\u00edcula superior a los 2.000.- alumnos.<\/p>\n","protected":false},"excerpt":{"rendered":"<p>Francis School Colegio particular subvencionado, naci\u00f3 en el a\u00f1o 1990, con el nombre de Dame La Mano, dirigida por su due\u00f1a, la educadora de p\u00e1rvulo Francis Oyarz\u00fan Car\u00fa cuya ubicaci\u00f3n era Ossand\u00f3n N\u00ba 895 de Coquimbo.En 1991 pasa a ser &hellip; <\/p>\n","protected":false},"author":1,"featured_media":173,"parent":0,"menu_order":0,"comment_status":"closed","ping_status":"closed","template":"","meta":{"footnotes":""},"class_list":["post-147","page","type-page","status-publish","has-post-thumbnail","hentry"],"_links":{"self":[{"href":"https:\/\/francisschool.cl\/web\/wp-json\/wp\/v2\/pages\/147","targetHints":{"allow":["GET"]}}],"collection":[{"href":"https:\/\/francisschool.cl\/web\/wp-json\/wp\/v2\/pages"}],"about":[{"href":"https:\/\/francisschool.cl\/web\/wp-json\/wp\/v2\/types\/page"}],"author":[{"embeddable":true,"href":"https:\/\/francisschool.cl\/web\/wp-json\/wp\/v2\/users\/1"}],"replies":[{"embeddable":true,"href":"https:\/\/francisschool.cl\/web\/wp-json\/wp\/v2\/comments?post=147"}],"version-history":[{"count":6,"href":"https:\/\/francisschool.cl\/web\/wp-json\/wp\/v2\/pages\/147\/revisions"}],"predecessor-version":[{"id":1894,"href":"https:\/\/francisschool.cl\/web\/wp-json\/wp\/v2\/pages\/147\/revisions\/1894"}],"wp:featuredmedia":[{"embeddable":true,"href":"https:\/\/francisschool.cl\/web\/wp-json\/wp\/v2\/media\/173"}],"wp:attachment":[{"href":"https:\/\/francisschool.cl\/web\/wp-json\/wp\/v2\/media?parent=147"}],"curies":[{"name":"wp","href":"https:\/\/api.w.org\/{rel}","templated":true}]}}