{"id":216,"date":"2017-06-16T12:44:21","date_gmt":"2017-06-16T12:44:21","guid":{"rendered":"http:\/\/francisschool.cl\/web\/?page_id=216"},"modified":"2024-11-27T09:37:20","modified_gmt":"2024-11-27T12:37:20","slug":"contacto","status":"publish","type":"page","link":"https:\/\/francisschool.cl\/web\/contacto\/","title":{"rendered":"Contacto"},"content":{"rendered":"<p><strong>Francis School<\/strong><br \/>\nFundaci\u00f3n\u00a0Educacional Francis School<br \/>\nE-Mail: contacto@francisschool.cl<br \/>\nDirecci\u00f3n: Los Tulipanes #254, Sindempart, Coquimbo, Chile.<br \/>\nTel\u00e9fono Linea #1: 51 2 265907<br \/>\nTel\u00e9fono Linea #2: 51 2 266562<\/p>\n<p><strong>Recaudaci\u00f3n<\/strong><br \/>\nYanina Cortez D.<br \/>\nE-Mail: recaudacion@francisschool.cl<\/p>\n<p><strong>Encargada de Cobranzas<\/strong><br \/>\nPaola Zepeda P.<br \/>\nE-Mail: paola.zepeda@francisschool.cl<br \/>\nCelular : 979057687<\/p>\n<p><strong>Mesa de Ayuda &#8211; Correos Institucionales<\/strong><br \/>\nE-Mail: mesadeayuda@francisschool.cl<\/p>\n<p><strong>Inspector\u00eda General<\/strong><br \/>\nE-Mail: inspectoria@francisschool.cl<\/p>\n<p><strong>Mapa<\/strong><br \/>\n<iframe src=\"https:\/\/maps.google.cl\/maps?source=embed&amp;hl=es&amp;q=francis+school&amp;ie=UTF8&amp;hq=francis+school&amp;hnear=&amp;radius=15000&amp;t=h&amp;ll=-29.97713,-71.341642&amp;spn=0.003717,0.008057&amp;z=17&amp;output=embed\" width=\"550\" height=\"350\" frameborder=\"0\" marginwidth=\"0\" marginheight=\"0\" scrolling=\"no\"><\/iframe><\/p>\n","protected":false},"excerpt":{"rendered":"<p>Francis School Fundaci\u00f3n\u00a0Educacional Francis School E-Mail: contacto@francisschool.cl Direcci\u00f3n: Los Tulipanes #254, Sindempart, Coquimbo, Chile. Tel\u00e9fono Linea #1: 51 2 265907 Tel\u00e9fono Linea #2: 51 2 266562 Recaudaci\u00f3n Yanina Cortez D. E-Mail: recaudacion@francisschool.cl Encargada de Cobranzas Paola Zepeda P. E-Mail: paola.zepeda@francisschool.cl &hellip; <\/p>\n","protected":false},"author":1,"featured_media":0,"parent":0,"menu_order":0,"comment_status":"closed","ping_status":"closed","template":"","meta":{"footnotes":""},"class_list":["post-216","page","type-page","status-publish","hentry"],"_links":{"self":[{"href":"https:\/\/francisschool.cl\/web\/wp-json\/wp\/v2\/pages\/216","targetHints":{"allow":["GET"]}}],"collection":[{"href":"https:\/\/francisschool.cl\/web\/wp-json\/wp\/v2\/pages"}],"about":[{"href":"https:\/\/francisschool.cl\/web\/wp-json\/wp\/v2\/types\/page"}],"author":[{"embeddable":true,"href":"https:\/\/francisschool.cl\/web\/wp-json\/wp\/v2\/users\/1"}],"replies":[{"embeddable":true,"href":"https:\/\/francisschool.cl\/web\/wp-json\/wp\/v2\/comments?post=216"}],"version-history":[{"count":12,"href":"https:\/\/francisschool.cl\/web\/wp-json\/wp\/v2\/pages\/216\/revisions"}],"predecessor-version":[{"id":15333,"href":"https:\/\/francisschool.cl\/web\/wp-json\/wp\/v2\/pages\/216\/revisions\/15333"}],"wp:attachment":[{"href":"https:\/\/francisschool.cl\/web\/wp-json\/wp\/v2\/media?parent=216"}],"curies":[{"name":"wp","href":"https:\/\/api.w.org\/{rel}","templated":true}]}}