{"id":357,"date":"2017-08-31T11:49:05","date_gmt":"2017-08-31T11:49:05","guid":{"rendered":"http:\/\/francisschool.cl\/web\/?page_id=357"},"modified":"2020-07-31T19:09:48","modified_gmt":"2020-07-31T19:09:48","slug":"mision-y-vision","status":"publish","type":"page","link":"https:\/\/francisschool.cl\/web\/mision-y-vision\/","title":{"rendered":"Misi\u00f3n y Visi\u00f3n"},"content":{"rendered":"<p style=\"text-align: justify;\"><strong>Misi\u00f3n:<\/strong> La comunidad educativa Francis School tiene como misi\u00f3n la preparaci\u00f3n humana y acad\u00e9mica de ni\u00f1os, ni\u00f1as y j\u00f3venes, su formaci\u00f3n val\u00f3rica y desarrollar en ellos, el m\u00e1ximo de sus capacidades a un nivel de exigencia acorde a su desarrollo cognitivo y emocional, procurando una educaci\u00f3n de calidad, posibilitando su integraci\u00f3n exitosa a la educaci\u00f3n superior y a la vida en sociedad.<\/p>\n<p style=\"text-align: justify;\"><strong>Visi\u00f3n:<\/strong> Aspiramos a ser un Colegio Human\u00edstico Cient\u00edfico que potencie en nuestros estudiantes una s\u00f3lida conciencia social y ciudadana, con perfil humanizador, mediante los prop\u00f3sitos de formar personas integras, motivadas a superarse y con altas expectativas de s\u00ed mismas en un contexto de comunidad de aprendizaje, de creaci\u00f3n y transmisi\u00f3n de saberes, articulando v\u00ednculos pedag\u00f3gicos entre profesores y estudiantes.<\/p>\n","protected":false},"excerpt":{"rendered":"<p>Misi\u00f3n: La comunidad educativa Francis School tiene como misi\u00f3n la preparaci\u00f3n humana y acad\u00e9mica de ni\u00f1os, ni\u00f1as y j\u00f3venes, su formaci\u00f3n val\u00f3rica y desarrollar en ellos, el m\u00e1ximo de sus capacidades a un nivel de exigencia acorde a su desarrollo &hellip; <\/p>\n","protected":false},"author":1,"featured_media":0,"parent":0,"menu_order":0,"comment_status":"closed","ping_status":"closed","template":"","meta":{"footnotes":""},"class_list":["post-357","page","type-page","status-publish","hentry"],"_links":{"self":[{"href":"https:\/\/francisschool.cl\/web\/wp-json\/wp\/v2\/pages\/357","targetHints":{"allow":["GET"]}}],"collection":[{"href":"https:\/\/francisschool.cl\/web\/wp-json\/wp\/v2\/pages"}],"about":[{"href":"https:\/\/francisschool.cl\/web\/wp-json\/wp\/v2\/types\/page"}],"author":[{"embeddable":true,"href":"https:\/\/francisschool.cl\/web\/wp-json\/wp\/v2\/users\/1"}],"replies":[{"embeddable":true,"href":"https:\/\/francisschool.cl\/web\/wp-json\/wp\/v2\/comments?post=357"}],"version-history":[{"count":4,"href":"https:\/\/francisschool.cl\/web\/wp-json\/wp\/v2\/pages\/357\/revisions"}],"predecessor-version":[{"id":1840,"href":"https:\/\/francisschool.cl\/web\/wp-json\/wp\/v2\/pages\/357\/revisions\/1840"}],"wp:attachment":[{"href":"https:\/\/francisschool.cl\/web\/wp-json\/wp\/v2\/media?parent=357"}],"curies":[{"name":"wp","href":"https:\/\/api.w.org\/{rel}","templated":true}]}}